{"id":3660,"date":"2014-06-27T07:47:24","date_gmt":"2014-06-27T05:47:24","guid":{"rendered":"http:\/\/pas.co.at\/wordpress\/?page_id=3660"},"modified":"2021-08-30T10:01:41","modified_gmt":"2021-08-30T08:01:41","slug":"empreinte","status":"publish","type":"page","link":"http:\/\/pas.co.at\/fr\/empreinte\/","title":{"rendered":"Empreinte"},"content":{"rendered":"<h2>Ceci est le site de<\/h2>\n<p><strong>PAS Armaturenservice\u00a0GmbH<\/strong><br \/>\nG\u00fcrtlweg 14<br \/>\nA-8431 Gralla<\/p>\n<p>T\u00e9l\u00e9phone: +43 (0) 664 139 09 69<br \/>\nE-mail: <a href=\"mailto:sebastian.prutsch@pas.co.at\">sebastian.prutsch@pas.co.at<\/a><\/p>\n<p>Num\u00e9ro d&rsquo;identification fiscale: ATU68641339<br \/>\nNum\u00e9ro d&rsquo;enregistrement: FN 414 818 b<br \/>\nRegistre du Commerce: Graz<\/p>\n<p>Compte bancaire:<br \/>\nRaiffeisen Bank Leibnitz<br \/>\nIBAN: AT17 3820 6000 0001 2203<br \/>\nSWIFT \/ BIC: RZSTAT2G206<\/p>\n<h2>d\u00e9sistement<\/h2>\n<h3>Responsabilit\u00e9 quant au contenu<\/h3>\n<p>Les contenus de nos pages ont \u00e9t\u00e9 cr\u00e9\u00e9es avec beaucoup de soin. Quant \u00e0 l&rsquo;exactitude, l&rsquo;exhaustivit\u00e9 et l&rsquo;actualit\u00e9 des contenus, nous ne pouvons prendre aucune responsabilit\u00e9. En tant que prestataire de services, nous sommes responsables selon \u00a7 7 alin\u00e9a 1 du TMG pour leurs propres contenus sur ces pages en vertu des lois g\u00e9n\u00e9rales. Selon \u00a7 \u00a7 8 \u00e0 10 TMG, nous ne sommes pas oblig\u00e9s comme un fournisseur de services de surveiller les informations \u00e9trang\u00e8res transmises ou stock\u00e9es ou \u00e0 enqu\u00eater sur les circonstances qui indiquent une activit\u00e9 ill\u00e9gale. Les obligations de retirer ou de bloquer l&rsquo;utilisation de l&rsquo;information en vertu des lois g\u00e9n\u00e9rales restent inchang\u00e9es. Cependant, un passif correspondant est possible qu&rsquo;\u00e0 partir de la date de la connaissance d&rsquo;une infraction sp\u00e9cifique. D\u00e8s la notification de ces violations, nous allons supprimer le contenu imm\u00e9diatement.<\/p>\n<h3>Pas de communiquer sans avertissement pr\u00e9alable<\/h3>\n<p>Si le contenu ou la conception de ce site viole les droits de tiers ou des dispositions statutaires, nous vous demandons d&rsquo;\u00eatre charg\u00e9 d&rsquo;un message sans frais.<br \/>\nNous garantissons que les plaints seront imm\u00e9diatement supprim\u00e9s, sans l&rsquo;intervention d&rsquo;un avocat est requise de votre part. N\u00e9anmoins, par vous, sans frais de contacts ant\u00e9rieurs, nous rejetons et d\u00e9poser une demande reconventionnelle pour violation des dispositions tout \u00e0 fait dit.<\/p>\n<h2>Responsabilit\u00e9 pour les liens<\/h2>\n<p>Notre site contient des liens vers des sites ext\u00e9rieurs sur lesquels nous n&rsquo;avons aucun contr\u00f4le. Par cons\u00e9quent, nous ne pouvons accepter aucune responsabilit\u00e9 quant \u00e0 leur contenu. Le fournisseur ou l&rsquo;exploitant des pages est toujours responsable pour le contenu de tout site li\u00e9. Les sites li\u00e9s ont \u00e9t\u00e9 contr\u00f4l\u00e9s au moment de la liaison d&rsquo;\u00e9ventuelles violations de la loi. Les contenus ill\u00e9gaux n&rsquo;\u00e9taient au moment de la liaison. Un contr\u00f4le permanent des pages li\u00e9es est d\u00e9raisonnable sans indices concrets d&rsquo;une violation. D\u00e8s la notification de violations, nous allons supprimer ces liens imm\u00e9diatement.<\/p>\n<h2>droit d&rsquo;auteur<\/h2>\n<p>Les contenus et \u0153uvres sur ces pages cr\u00e9\u00e9es par l&rsquo;exploitant du site sont soumises au droit d&rsquo;auteur allemand. La reproduction, le traitement, la distribution et toute forme d&rsquo;exploitation en dehors des limites du droit d&rsquo;auteur n\u00e9cessite l&rsquo;autorisation \u00e9crite de son auteur ou le cr\u00e9ateur respectif. Les t\u00e9l\u00e9chargements et copies de ces pages ne sont autoris\u00e9es que pour un usage priv\u00e9 et non commercial. En ce qui concerne le contenu n&rsquo;est pas cr\u00e9\u00e9 par l&rsquo;exploitant du site, les droits d&rsquo;auteur de tiers. Toute reproduction ou marqu\u00e9s comme tels. Si vous avez encore d&rsquo;\u00eatre conscient de violation de copyright, nous vous demandons un indice. D\u00e8s la notification de violations, nous allons supprimer le contenu imm\u00e9diatement.<\/p>\n<h2>Politique de confidentialit\u00e9<\/h2>\n<p>L&rsquo;utilisation de notre site Web est g\u00e9n\u00e9ralement possible sans fournir d&rsquo;informations personnelles. En ce qui concerne nos c\u00f4t\u00e9s des donn\u00e9es personnelles (telles que nom, adresse ou adresse e-mail), il s&rsquo;agit autant que possible sur une base volontaire. Ces donn\u00e9es ne sont pas sans votre consentement explicite.<br \/>\nNous rappelons que la transmission de donn\u00e9es sur Internet (par exemple lors de la communication par e-mail) peut pr\u00e9senter des lacunes de s\u00e9curit\u00e9. Une protection compl\u00e8te des donn\u00e9es contre l&rsquo;acc\u00e8s par des tiers n&rsquo;est pas possible.<br \/>\nL&rsquo;utilisation du cadre de l&rsquo;obligation donn\u00e9es publi\u00e9es de contact Mentions l\u00e9gales par des tiers pour envoyer des publicit\u00e9s non sollicit\u00e9es et documents d&rsquo;information est express\u00e9ment exclue. Les exploitants des pages express\u00e9ment des mesures juridiques en cas de renseignements promotionnels non sollicit\u00e9s, tels que le spam e-mails.<\/p>\n","protected":false},"excerpt":{"rendered":"<p>Ceci est le site de PAS Armaturenservice\u00a0GmbH G\u00fcrtlweg 14 A-8431 Gralla T\u00e9l\u00e9phone: +43 (0) 664 139 09 69 E-mail: sebastian.prutsch@pas.co.at Num\u00e9ro d&rsquo;identification fiscale: ATU68641339 Num\u00e9ro d&rsquo;enregistrement: FN 414 818 b Registre du Commerce: Graz Compte bancaire: Raiffeisen Bank Leibnitz IBAN: AT17 3820 6000 0001 2203 SWIFT \/ BIC: RZSTAT2G206 d\u00e9sistement Responsabilit\u00e9 quant au contenu Les contenus de nos pages ont \u00e9t\u00e9 cr\u00e9\u00e9es avec beaucoup de soin. Quant \u00e0 l&rsquo;exactitude, l&rsquo;exhaustivit\u00e9 et l&rsquo;actualit\u00e9 des contenus, nous ne pouvons prendre aucune responsabilit\u00e9. En tant que prestataire de services, nous sommes responsables selon \u00a7 7 alin\u00e9a 1 du TMG pour leurs propres contenus sur ces pages en vertu des lois g\u00e9n\u00e9rales. Selon \u00a7 \u00a7 8 \u00e0 10 TMG, nous ne sommes pas oblig\u00e9s comme un fournisseur de services de surveiller les informations \u00e9trang\u00e8res transmises ou stock\u00e9es ou \u00e0 enqu\u00eater sur les circonstances qui indiquent une activit\u00e9 ill\u00e9gale. Les obligations de retirer ou de bloquer l&rsquo;utilisation de l&rsquo;information en [&hellip;]<\/p>\n","protected":false},"author":1,"featured_media":0,"parent":0,"menu_order":0,"comment_status":"closed","ping_status":"closed","template":"","meta":[],"_links":{"self":[{"href":"http:\/\/pas.co.at\/fr\/wp-json\/wp\/v2\/pages\/3660"}],"collection":[{"href":"http:\/\/pas.co.at\/fr\/wp-json\/wp\/v2\/pages"}],"about":[{"href":"http:\/\/pas.co.at\/fr\/wp-json\/wp\/v2\/types\/page"}],"author":[{"embeddable":true,"href":"http:\/\/pas.co.at\/fr\/wp-json\/wp\/v2\/users\/1"}],"replies":[{"embeddable":true,"href":"http:\/\/pas.co.at\/fr\/wp-json\/wp\/v2\/comments?post=3660"}],"version-history":[{"count":5,"href":"http:\/\/pas.co.at\/fr\/wp-json\/wp\/v2\/pages\/3660\/revisions"}],"predecessor-version":[{"id":4027,"href":"http:\/\/pas.co.at\/fr\/wp-json\/wp\/v2\/pages\/3660\/revisions\/4027"}],"wp:attachment":[{"href":"http:\/\/pas.co.at\/fr\/wp-json\/wp\/v2\/media?parent=3660"}],"curies":[{"name":"wp","href":"https:\/\/api.w.org\/{rel}","templated":true}]}}